{"id":115,"date":"2025-06-24T13:24:58","date_gmt":"2025-06-24T13:24:58","guid":{"rendered":"https:\/\/wendoragames.de\/?page_id=115"},"modified":"2025-09-25T07:02:09","modified_gmt":"2025-09-25T07:02:09","slug":"ueber-mich","status":"publish","type":"page","link":"https:\/\/wendoragames.de\/index.php\/infos\/ueber-mich\/","title":{"rendered":"\u00dcber Mich"},"content":{"rendered":"\n<p>Mein Name ist Steven alias Wendora von Wendoragames. Ich wurde 1987 in Berlin geboren und dann fing alles an. Ich bin wie jeder normale Mensch in den Kindergarten gegangen und dann in die Schule, habe auch nur die 10 Jahre Schule mitgemacht, nicht mehr und nicht weniger. Habe danach eine Ausbildung gemacht ( misst wieder Schule ). Ich bin gelernter KFZ-Mechatroniker aber auch nur, weil das so der Beruf war den jeder kannte. Nach meiner Ausbildung bin ich dann nach Hamburg und habe neue Kulturen kennengelernt. Dort habe ich dann eine weile Busse repariert, aber das brachte mir nicht so meine Erf\u00fcllung. Ich habe eine Umschulung zum Fachinformatiker gemacht und danach eine Umschulung zum Sicherheitsdienst. In meinem Leben habe ich viel ausprobiert und muss euch sagen es war noch nicht das passende dabei. Mit 27 Jahren &#8222;ungef\u00e4hr&#8220; bin ich wieder zur\u00fcck in die n\u00e4he von Berlin ( genauer Standort bleibt noch Geheim!!! ) gezogen. Habe hier als Service Mitarbeiter angefangen und viele Menschen kennengelernt.  Ja, das mal so kurz zu mir.<\/p>\n\n\n\n<p><\/p>\n\n\n\n<h2 class=\"wp-block-heading\">Was habe ich f\u00fcr einen Computer?<\/h2>\n\n\n\n<p>Mein Computer ist selbst zusammen gestellt, hier ist eine Liste der Komponenten:<\/p>\n\n\n\n<ul class=\"wp-block-list\">\n<li>L\u00fcfter und Geh\u00e4use von Corsair<\/li>\n\n\n\n<li>Wasserk\u00fchlung Corsair iCUE LINK H150i\u00a0<\/li>\n\n\n\n<li>das Mainboard ist von &#8222;ASUS ROG Strix B850-A&#8220;<\/li>\n\n\n\n<li>die CPU ist ein &#8222;AMD Ryzen 9 9950X3D&#8220;<\/li>\n\n\n\n<li>die Grafikkarte ist eine &#8222;Gigabyte GeForce RTX 5070&#8220;<\/li>\n\n\n\n<li>der Ram ist von &#8222;CORSAIR<a href=\"https:\/\/www.amazon.de\/dp\/B0CD7WZRHF?ref=ppx_yo2ov_dt_b_fed_asin_title\"> <\/a>Vengeance RGB DDR5&#8243; mit 32GB<\/li>\n\n\n\n<li>die Festplatten sind 2 St\u00fcck, eine von &#8222;Corsair&#8220; und eine von &#8222;Samsung&#8220; ( beide M.2 SSD )<\/li>\n\n\n\n<li>das Netzteil ist ebenfalls von &#8222;Corsair RM1000x SHIFT&#8220;<\/li>\n<\/ul>\n\n\n\n<h2 class=\"wp-block-heading\">Was benutze ich f\u00fcr Technik zum Aufnehmen?<\/h2>\n\n\n\n<p>Mein Equipment:<\/p>\n\n\n\n<ul class=\"wp-block-list\">\n<li>Meinen PC<\/li>\n\n\n\n<li>Elgato Facecam MK.2<\/li>\n\n\n\n<li>Elgato Wave:3 Mikrofon<\/li>\n\n\n\n<li>Elgato Streamdeck MK.2<\/li>\n\n\n\n<li>Corsair K55 RGB Pro Tastatur<\/li>\n\n\n\n<li>Corsair Darkstar RGB Maus<\/li>\n\n\n\n<li>2x Samsung Monitore ( allerdings etwas \u00e4lter )<\/li>\n<\/ul>\n","protected":false},"excerpt":{"rendered":"<p>Mein Name ist Steven alias Wendora von Wendoragames. Ich wurde 1987 in Berlin geboren und dann fing alles an. Ich bin wie jeder normale Mensch in den Kindergarten gegangen und dann in die Schule, habe auch nur die 10 Jahre Schule mitgemacht, nicht mehr und nicht weniger. Habe danach eine Ausbildung gemacht ( misst wieder [&hellip;]<\/p>\n","protected":false},"author":2,"featured_media":0,"parent":113,"menu_order":0,"comment_status":"closed","ping_status":"closed","template":"","meta":{"footnotes":""},"class_list":["post-115","page","type-page","status-publish","hentry"],"_links":{"self":[{"href":"https:\/\/wendoragames.de\/index.php\/wp-json\/wp\/v2\/pages\/115","targetHints":{"allow":["GET"]}}],"collection":[{"href":"https:\/\/wendoragames.de\/index.php\/wp-json\/wp\/v2\/pages"}],"about":[{"href":"https:\/\/wendoragames.de\/index.php\/wp-json\/wp\/v2\/types\/page"}],"author":[{"embeddable":true,"href":"https:\/\/wendoragames.de\/index.php\/wp-json\/wp\/v2\/users\/2"}],"replies":[{"embeddable":true,"href":"https:\/\/wendoragames.de\/index.php\/wp-json\/wp\/v2\/comments?post=115"}],"version-history":[{"count":8,"href":"https:\/\/wendoragames.de\/index.php\/wp-json\/wp\/v2\/pages\/115\/revisions"}],"predecessor-version":[{"id":522,"href":"https:\/\/wendoragames.de\/index.php\/wp-json\/wp\/v2\/pages\/115\/revisions\/522"}],"up":[{"embeddable":true,"href":"https:\/\/wendoragames.de\/index.php\/wp-json\/wp\/v2\/pages\/113"}],"wp:attachment":[{"href":"https:\/\/wendoragames.de\/index.php\/wp-json\/wp\/v2\/media?parent=115"}],"curies":[{"name":"wp","href":"https:\/\/api.w.org\/{rel}","templated":true}]}}