{"id":575,"date":"2025-11-14T12:22:37","date_gmt":"2025-11-14T12:22:37","guid":{"rendered":"https:\/\/wendoragames.de\/?page_id=575"},"modified":"2025-11-19T06:26:56","modified_gmt":"2025-11-19T06:26:56","slug":"faq","status":"publish","type":"page","link":"https:\/\/wendoragames.de\/index.php\/faq\/","title":{"rendered":"FAQ"},"content":{"rendered":"\n<h2 class=\"wp-block-heading\" id=\"inhaltsverzeichnis\">\ud83d\udcda Inhaltsverzeichnis<\/h2>\n\n\n\n<ul class=\"wp-block-list\">\n<li><a href=\"#ueber-mich\">\u00dcber mich<\/a><\/li>\n\n\n\n<li><a href=\"#mein-setup\">Mein Setup<\/a><\/li>\n\n\n\n<li><a href=\"#mein-youtube-channel\">Mein YouTube Channel<\/a><\/li>\n\n\n\n<li><a href=\"#stream\">Stream<\/a><\/li>\n\n\n\n<li><a href=\"#aufnahmen\">Aufnahmen<\/a><\/li>\n\n\n\n<li><a href=\"#minecraft\">Minecraft LP &amp; Server<\/a><\/li>\n\n\n\n<li><a href=\"#sonstiges\">Sonstiges<\/a><\/li>\n<\/ul>\n\n\n\n<h2 class=\"wp-block-heading\" id=\"ueber-mich\">1. \u00dcber mich<\/h2>\n\n\n\n<pre class=\"wp-block-preformatted\" style=\"margin-top:0;margin-bottom:0;padding-right:var(--wp--preset--spacing--40);padding-left:var(--wp--preset--spacing--40)\"><strong>Wer b<\/strong>ist du?<br>- Ich bin Steven<br><br>Wie Alt bist du?<br>- Ich bin 1987 Geboren. Viel Spa\u00df beim Rechnen <\/pre>\n\n\n\n<h2 class=\"wp-block-heading\" id=\"mein-setup\">2. Mein Setup<\/h2>\n\n\n\n<pre class=\"wp-block-preformatted\" style=\"margin-top:0;margin-right:0;margin-bottom:0;margin-left:0;padding-right:var(--wp--preset--spacing--40);padding-left:var(--wp--preset--spacing--40)\">Was hast du f\u00fcr einen PC?<br>- Meine PC Daten habe ich <a href=\"https:\/\/wendoragames.de\/index.php\/infos\/ueber-mich\/\" data-type=\"page\" data-id=\"115\">hier<\/a> schon eingetragen.<br><\/pre>\n\n\n\n<h2 class=\"wp-block-heading\" id=\"mein-youtube-channel\">3. Mein YouTube Channel<\/h2>\n\n\n\n<pre class=\"wp-block-preformatted\" style=\"padding-right:var(--wp--preset--spacing--40);padding-left:var(--wp--preset--spacing--40)\">Was ist dein Content?<br>- Ich Spiele alles m\u00f6gliche an Video Spielen.<br><\/pre>\n\n\n\n<h2 class=\"wp-block-heading\" id=\"stream\">4. Stream<\/h2>\n\n\n\n<pre class=\"wp-block-preformatted\" style=\"padding-right:var(--wp--preset--spacing--40);padding-left:var(--wp--preset--spacing--40)\">Streamst du eigentlich?<br>- Ja ich Streame auf Youtube und auf Twitch.<br><br>Wann Streamst du wieder?<br>- Diese Information kannst du <a href=\"https:\/\/wendoragames.de\/\" data-type=\"page\" data-id=\"171\">hier<\/a> Nachlesen.<\/pre>\n\n\n\n<h2 class=\"wp-block-heading\" id=\"aufnahmen\">5. Aufnahmen<\/h2>\n\n\n\n<h2 class=\"wp-block-heading\" id=\"minecraft\">6. Minecraft LP &amp; Server<\/h2>\n\n\n\n<pre class=\"wp-block-preformatted\" style=\"padding-right:var(--wp--preset--spacing--40);padding-left:var(--wp--preset--spacing--40)\">Wie ist der Seed von deiner Staffel 1 Welt?<br>- Der Seed ist -717785296<br><br>Wie ist der Seed von deiner Staffel 2 Welt?<br>- Der Seed ist 7935652869850296142<\/pre>\n\n\n\n<h2 class=\"wp-block-heading\" id=\"sonstiges\">7. Sonstiges<\/h2>\n","protected":false},"excerpt":{"rendered":"<p>\ud83d\udcda Inhaltsverzeichnis 1. \u00dcber mich Wer bist du?- Ich bin StevenWie Alt bist du?- Ich bin 1987 Geboren. Viel Spa\u00df beim Rechnen 2. Mein Setup Was hast du f\u00fcr einen PC?- Meine PC Daten habe ich hier schon eingetragen. 3. Mein YouTube Channel Was ist dein Content?- Ich Spiele alles m\u00f6gliche an Video Spielen. 4. [&hellip;]<\/p>\n","protected":false},"author":2,"featured_media":0,"parent":0,"menu_order":0,"comment_status":"closed","ping_status":"closed","template":"","meta":{"footnotes":""},"class_list":["post-575","page","type-page","status-publish","hentry"],"_links":{"self":[{"href":"https:\/\/wendoragames.de\/index.php\/wp-json\/wp\/v2\/pages\/575","targetHints":{"allow":["GET"]}}],"collection":[{"href":"https:\/\/wendoragames.de\/index.php\/wp-json\/wp\/v2\/pages"}],"about":[{"href":"https:\/\/wendoragames.de\/index.php\/wp-json\/wp\/v2\/types\/page"}],"author":[{"embeddable":true,"href":"https:\/\/wendoragames.de\/index.php\/wp-json\/wp\/v2\/users\/2"}],"replies":[{"embeddable":true,"href":"https:\/\/wendoragames.de\/index.php\/wp-json\/wp\/v2\/comments?post=575"}],"version-history":[{"count":5,"href":"https:\/\/wendoragames.de\/index.php\/wp-json\/wp\/v2\/pages\/575\/revisions"}],"predecessor-version":[{"id":584,"href":"https:\/\/wendoragames.de\/index.php\/wp-json\/wp\/v2\/pages\/575\/revisions\/584"}],"wp:attachment":[{"href":"https:\/\/wendoragames.de\/index.php\/wp-json\/wp\/v2\/media?parent=575"}],"curies":[{"name":"wp","href":"https:\/\/api.w.org\/{rel}","templated":true}]}}